{"id":574,"date":"2024-08-16T08:14:40","date_gmt":"2024-08-16T08:14:40","guid":{"rendered":"https:\/\/mova2improve.com\/?page_id=574"},"modified":"2024-08-16T08:18:28","modified_gmt":"2024-08-16T08:18:28","slug":"toda-la-actualidad","status":"publish","type":"page","link":"https:\/\/mova2improve.com\/en\/toda-la-actualidad","title":{"rendered":"Toda la Actualidad"},"content":{"rendered":"<p>[et_pb_section fb_built=\u00bb1&#8243; _builder_version=\u00bb4.23.1&#8243; _module_preset=\u00bbdefault\u00bb background_color=\u00bbrgba(10,0,0,0.7)\u00bb background_image=\u00bbhttps:\/\/mova2improve.com\/wp-content\/uploads\/2024\/06\/pexels-brotin-biswas-158640-518543-scaled.jpg\u00bb background_position=\u00bbbottom_left\u00bb background_vertical_offset=\u00bb52%\u00bb background_blend=\u00bbmultiply\u00bb custom_padding=\u00bb||||false|false\u00bb global_colors_info=\u00bb{}\u00bb][et_pb_row _builder_version=\u00bb4.23.1&#8243; _module_preset=\u00bbdefault\u00bb global_colors_info=\u00bb{}\u00bb][et_pb_column type=\u00bb4_4&#8243; _builder_version=\u00bb4.23.1&#8243; _module_preset=\u00bbdefault\u00bb global_colors_info=\u00bb{}\u00bb][et_pb_text _builder_version=\u00bb4.23.1&#8243; _module_preset=\u00bbdefault\u00bb text_font=\u00bb|800|||||||\u00bb header_font=\u00bb|800|||||||\u00bb header_text_color=\u00bb#FFFFFF\u00bb header_font_size=\u00bb90px\u00bb custom_margin=\u00bb25px||||false|false\u00bb header_font_size_tablet=\u00bb90px\u00bb header_font_size_phone=\u00bb55px\u00bb header_font_size_last_edited=\u00bbon|phone\u00bb global_colors_info=\u00bb{}\u00bb]<\/p>\n<h1>News<\/h1>\n<p>[\/et_pb_text][\/et_pb_column][\/et_pb_row][\/et_pb_section][et_pb_section fb_built=\u00bb1&#8243; _builder_version=\u00bb4.23.1&#8243; _module_preset=\u00bbdefault\u00bb global_colors_info=\u00bb{}\u00bb][et_pb_row _builder_version=\u00bb4.23.1&#8243; _module_preset=\u00bbdefault\u00bb global_colors_info=\u00bb{}\u00bb][et_pb_column type=\u00bb4_4&#8243; _builder_version=\u00bb4.23.1&#8243; _module_preset=\u00bbdefault\u00bb global_colors_info=\u00bb{}\u00bb][et_pb_text _builder_version=\u00bb4.23.1&#8243; _module_preset=\u00bbdefault\u00bb text_font_size=\u00bb18px\u00bb header_font_size=\u00bb50px\u00bb text_orientation=\u00bbjustified\u00bb custom_margin=\u00bb||50px||false|false\u00bb text_font_size_tablet=\u00bb18px\u00bb text_font_size_phone=\u00bb15px\u00bb text_font_size_last_edited=\u00bbon|phone\u00bb header_font_size_tablet=\u00bb50px\u00bb header_font_size_phone=\u00bb40px\u00bb header_font_size_last_edited=\u00bbon|phone\u00bb global_colors_info=\u00bb{}\u00bb]<\/p>\n<h1>Our Blog<\/h1>\n<p>&nbsp;<\/p>\n<p style=\"margin: 0cm; text-align: justify; background: white; vertical-align: baseline;\"><span style=\"font-size: 13.5pt; font-family: 'Georgia',serif; color: #666666;\">In such a complicated and changing business world where we all are, to keep updated is key for success. In MOVA, we understand the importance on be up to date with last digital trends and innovative strategies. Our blog is fulfilled with relevant information. From emergent technologies until market analysis. We are here to show you the tools and the knowledge to bring your business up. Join our community and keep always a step ahead!<o:p><\/o:p><\/span><\/p>\n<p>[\/et_pb_text][\/et_pb_column][\/et_pb_row][et_pb_row _builder_version=\u00bb4.23.1&#8243; _module_preset=\u00bbdefault\u00bb width=\u00bb52%\u00bb max_width=\u00bb100%\u00bb hover_enabled=\u00bb0&#8243; global_colors_info=\u00bb{}\u00bb sticky_enabled=\u00bb0&#8243; module_alignment=\u00bbcenter\u00bb width_last_edited=\u00bbon|phone\u00bb width_tablet=\u00bb86%\u00bb width_phone=\u00bb86%\u00bb][et_pb_column type=\u00bb4_4&#8243; _builder_version=\u00bb4.23.1&#8243; _module_preset=\u00bbdefault\u00bb hover_enabled=\u00bb0&#8243; global_colors_info=\u00bb{}\u00bb sticky_enabled=\u00bb0&#8243;][et_pb_blog _builder_version=\u00bb4.23.1&#8243; _module_preset=\u00bbdefault\u00bb show_more=\u00bbon\u00bb show_author=\u00bboff\u00bb show_categories=\u00bboff\u00bb show_pagination=\u00bboff\u00bb show_excerpt=\u00bboff\u00bb fullwidth=\u00bboff\u00bb hover_enabled=\u00bb0&#8243; sticky_enabled=\u00bb0&#8243; module_alignment=\u00bbcenter\u00bb][\/et_pb_blog][\/et_pb_column][\/et_pb_row][\/et_pb_section]<\/p>","protected":false},"excerpt":{"rendered":"<p>ActualidadNuestro Blog. &nbsp; En el vertiginoso mundo empresarial, mantenerse actualizado es crucial para el \u00e9xito. En MOVA, entendemos la importancia de estar al d\u00eda con las \u00faltimas tendencias y estrategias innovadoras. Nuestro blog se dedica a proporcionar informaci\u00f3n relevante y oportuna que puede marcar la diferencia en tu camino hacia el \u00e9xito. Desde consejos pr\u00e1cticos [&hellip;]<\/p>","protected":false},"author":1,"featured_media":0,"parent":0,"menu_order":0,"comment_status":"closed","ping_status":"closed","template":"","meta":{"_et_pb_use_builder":"on","_et_pb_old_content":"","_et_gb_content_width":"","footnotes":""},"class_list":["post-574","page","type-page","status-publish","hentry"],"_links":{"self":[{"href":"https:\/\/mova2improve.com\/en\/wp-json\/wp\/v2\/pages\/574","targetHints":{"allow":["GET"]}}],"collection":[{"href":"https:\/\/mova2improve.com\/en\/wp-json\/wp\/v2\/pages"}],"about":[{"href":"https:\/\/mova2improve.com\/en\/wp-json\/wp\/v2\/types\/page"}],"author":[{"embeddable":true,"href":"https:\/\/mova2improve.com\/en\/wp-json\/wp\/v2\/users\/1"}],"replies":[{"embeddable":true,"href":"https:\/\/mova2improve.com\/en\/wp-json\/wp\/v2\/comments?post=574"}],"version-history":[{"count":3,"href":"https:\/\/mova2improve.com\/en\/wp-json\/wp\/v2\/pages\/574\/revisions"}],"predecessor-version":[{"id":577,"href":"https:\/\/mova2improve.com\/en\/wp-json\/wp\/v2\/pages\/574\/revisions\/577"}],"wp:attachment":[{"href":"https:\/\/mova2improve.com\/en\/wp-json\/wp\/v2\/media?parent=574"}],"curies":[{"name":"wp","href":"https:\/\/api.w.org\/{rel}","templated":true}]}}