{"id":163,"date":"2024-06-16T10:20:45","date_gmt":"2024-06-16T10:20:45","guid":{"rendered":"https:\/\/mova2improve.com\/?page_id=163"},"modified":"2024-08-16T08:19:08","modified_gmt":"2024-08-16T08:19:08","slug":"actualidad","status":"publish","type":"page","link":"https:\/\/mova2improve.com\/en\/actualidad","title":{"rendered":"News"},"content":{"rendered":"<p>[et_pb_section fb_built=\u00bb1&#8243; _builder_version=\u00bb4.23.1&#8243; _module_preset=\u00bbdefault\u00bb background_color=\u00bbrgba(10,0,0,0.7)\u00bb background_image=\u00bbhttps:\/\/mova2improve.com\/wp-content\/uploads\/2024\/06\/pexels-brotin-biswas-158640-518543-scaled.jpg\u00bb background_position=\u00bbbottom_left\u00bb background_vertical_offset=\u00bb52%\u00bb background_blend=\u00bbmultiply\u00bb custom_padding=\u00bb||||false|false\u00bb global_colors_info=\u00bb{}\u00bb][et_pb_row _builder_version=\u00bb4.23.1&#8243; _module_preset=\u00bbdefault\u00bb global_colors_info=\u00bb{}\u00bb][et_pb_column type=\u00bb4_4&#8243; _builder_version=\u00bb4.23.1&#8243; _module_preset=\u00bbdefault\u00bb global_colors_info=\u00bb{}\u00bb][et_pb_text _builder_version=\u00bb4.23.1&#8243; _module_preset=\u00bbdefault\u00bb text_font=\u00bb|800|||||||\u00bb header_font=\u00bb|800|||||||\u00bb header_text_color=\u00bb#FFFFFF\u00bb header_font_size=\u00bb90px\u00bb custom_margin=\u00bb25px||||false|false\u00bb header_font_size_tablet=\u00bb90px\u00bb header_font_size_phone=\u00bb55px\u00bb header_font_size_last_edited=\u00bbon|phone\u00bb global_colors_info=\u00bb{}\u00bb]<\/p>\n<h1>News<\/h1>\n<p>[\/et_pb_text][\/et_pb_column][\/et_pb_row][\/et_pb_section][et_pb_section fb_built=\u00bb1&#8243; _builder_version=\u00bb4.23.1&#8243; _module_preset=\u00bbdefault\u00bb global_colors_info=\u00bb{}\u00bb][et_pb_row _builder_version=\u00bb4.23.1&#8243; _module_preset=\u00bbdefault\u00bb global_colors_info=\u00bb{}\u00bb][et_pb_column type=\u00bb4_4&#8243; _builder_version=\u00bb4.23.1&#8243; _module_preset=\u00bbdefault\u00bb global_colors_info=\u00bb{}\u00bb][et_pb_text _builder_version=\u00bb4.23.1&#8243; _module_preset=\u00bbdefault\u00bb text_font_size=\u00bb18px\u00bb header_font_size=\u00bb50px\u00bb text_orientation=\u00bbjustified\u00bb custom_margin=\u00bb||50px||false|false\u00bb text_font_size_tablet=\u00bb18px\u00bb text_font_size_phone=\u00bb15px\u00bb text_font_size_last_edited=\u00bbon|phone\u00bb header_font_size_tablet=\u00bb50px\u00bb header_font_size_phone=\u00bb40px\u00bb header_font_size_last_edited=\u00bbon|phone\u00bb global_colors_info=\u00bb{}\u00bb]<\/p>\n<h1>Our Blog<\/h1>\n<p>&nbsp;<\/p>\n<p style=\"margin: 0cm; text-align: justify; background: white; vertical-align: baseline;\"><span style=\"font-size: 13.5pt; font-family: 'Georgia',serif; color: #666666;\">In such a complicated and changing business world where we all are, to keep updated is key for success. In MOVA, we understand the importance on be up to date with last digital trends and innovative strategies. Our blog is fulfilled with relevant information. From emergent technologies until market analysis. We are here to show you the tools and the knowledge to bring your business up. Join our community and keep always a step ahead!<o:p><\/o:p><\/span><\/p>\n<p>[\/et_pb_text][\/et_pb_column][\/et_pb_row][et_pb_row _builder_version=\u00bb4.23.1&#8243; _module_preset=\u00bbdefault\u00bb width=\u00bb90%\u00bb max_width=\u00bb100%\u00bb global_colors_info=\u00bb{}\u00bb][et_pb_column type=\u00bb4_4&#8243; _builder_version=\u00bb4.23.1&#8243; _module_preset=\u00bbdefault\u00bb global_colors_info=\u00bb{}\u00bb][et_pb_blog posts_number=\u00bb5&#8243; show_more=\u00bbon\u00bb show_author=\u00bboff\u00bb show_categories=\u00bboff\u00bb show_pagination=\u00bboff\u00bb module_class=\u00bbov-blog-grid\u00bb _builder_version=\u00bb4.23.1&#8243; _module_preset=\u00bbdefault\u00bb header_font=\u00bb|700|||||||\u00bb header_text_color=\u00bb#3a3a3a\u00bb meta_text_color=\u00bb#000344&#8243; read_more_text_color=\u00bb#FFFFFF\u00bb global_colors_info=\u00bb{}\u00bb][\/et_pb_blog][et_pb_button button_text=\u00bbVer todas las noticias\u00bb _builder_version=\u00bb4.23.1&#8243; _module_preset=\u00bbdefault\u00bb custom_button=\u00bbon\u00bb button_text_size=\u00bb19px\u00bb hover_enabled=\u00bb0&#8243; global_colors_info=\u00bb{}\u00bb custom_margin=\u00bb-42px|||||\u00bb button_url=\u00bb@ET-DC@eyJkeW5hbWljIjp0cnVlLCJjb250ZW50IjoicG9zdF9saW5rX3VybF9wYWdlIiwic2V0dGluZ3MiOnsicG9zdF9pZCI6IjU3NCJ9fQ==@\u00bb _dynamic_attributes=\u00bbbutton_url\u00bb sticky_enabled=\u00bb0&#8243;][\/et_pb_button][et_pb_code _builder_version=\u00bb4.23.1&#8243; _module_preset=\u00bbdefault\u00bb global_colors_info=\u00bb{}\u00bb]<script><!-- [et_pb_line_break_holder] -->jQuery(document).ready(function($){<!-- [et_pb_line_break_holder] -->  \/\/ Crear el grid del m\u00f3dulo blog<!-- [et_pb_line_break_holder] -->  $( \".ov-blog-grid .et_pb_blog_item_0_0\" ).wrapAll( \"<\/p>\n<div class='ov-columna-izq' \/>\");<!-- [et_pb_line_break_holder] -->  $(\".ov-blog-grid\").each(function() {<!-- [et_pb_line_break_holder] -->    $(this).find(\".et_pb_blog_item_0_1, .et_pb_blog_item_0_2, .et_pb_blog_item_0_3, .et_pb_blog_item_0_4\").wrapAll('<\/p>\n<div class=\"ov-columna-derecha\"><\/div>\n<p>');<!-- [et_pb_line_break_holder] -->  });<!-- [et_pb_line_break_holder] -->  \/\/ Agrupar el t\u00edtulo, meta y contenido en un div<!-- [et_pb_line_break_holder] -->  $(\".ov-blog-grid .et_pb_post\").each(function() {<!-- [et_pb_line_break_holder] -->    $(this).find(\".entry-title, .post-meta, .post-content \").wrapAll('<\/p>\n<div class=\"ov-meta-content\"><\/div>\n<p>');<!-- [et_pb_line_break_holder] -->  });<!-- [et_pb_line_break_holder] -->});<!-- [et_pb_line_break_holder] --><\/script>[\/et_pb_code][\/et_pb_column][\/et_pb_row][\/et_pb_section]<\/p>","protected":false},"excerpt":{"rendered":"<p>ActualidadNuestro Blog. &nbsp; En el vertiginoso mundo empresarial, mantenerse actualizado es crucial para el \u00e9xito. En MOVA, entendemos la importancia de estar al d\u00eda con las \u00faltimas tendencias y estrategias innovadoras. Nuestro blog se dedica a proporcionar informaci\u00f3n relevante y oportuna que puede marcar la diferencia en tu camino hacia el \u00e9xito. Desde consejos pr\u00e1cticos [&hellip;]<\/p>","protected":false},"author":1,"featured_media":0,"parent":0,"menu_order":0,"comment_status":"closed","ping_status":"closed","template":"","meta":{"_et_pb_use_builder":"on","_et_pb_old_content":"","_et_gb_content_width":"","footnotes":""},"class_list":["post-163","page","type-page","status-publish","hentry"],"_links":{"self":[{"href":"https:\/\/mova2improve.com\/en\/wp-json\/wp\/v2\/pages\/163","targetHints":{"allow":["GET"]}}],"collection":[{"href":"https:\/\/mova2improve.com\/en\/wp-json\/wp\/v2\/pages"}],"about":[{"href":"https:\/\/mova2improve.com\/en\/wp-json\/wp\/v2\/types\/page"}],"author":[{"embeddable":true,"href":"https:\/\/mova2improve.com\/en\/wp-json\/wp\/v2\/users\/1"}],"replies":[{"embeddable":true,"href":"https:\/\/mova2improve.com\/en\/wp-json\/wp\/v2\/comments?post=163"}],"version-history":[{"count":22,"href":"https:\/\/mova2improve.com\/en\/wp-json\/wp\/v2\/pages\/163\/revisions"}],"predecessor-version":[{"id":578,"href":"https:\/\/mova2improve.com\/en\/wp-json\/wp\/v2\/pages\/163\/revisions\/578"}],"wp:attachment":[{"href":"https:\/\/mova2improve.com\/en\/wp-json\/wp\/v2\/media?parent=163"}],"curies":[{"name":"wp","href":"https:\/\/api.w.org\/{rel}","templated":true}]}}